{"id":27885,"date":"2024-07-18T15:21:34","date_gmt":"2024-07-18T19:21:34","guid":{"rendered":"https:\/\/www.turko.ca\/webinaires"},"modified":"2024-07-18T15:21:36","modified_gmt":"2024-07-18T19:21:36","slug":"webinaires","status":"publish","type":"page","link":"https:\/\/www.turko.ca\/fr\/webinaires","title":{"rendered":"Webinaires"},"content":{"rendered":"\t\t<div data-elementor-type=\"wp-post\" data-elementor-id=\"27885\" class=\"elementor elementor-27885 elementor-27871\" data-elementor-post-type=\"page\">\n\t\t\t\t\t\t<section class=\"elementor-section elementor-top-section elementor-element elementor-element-2ff5b23c elementor-section-content-bottom elementor-section-boxed elementor-section-height-default elementor-section-height-default\" data-id=\"2ff5b23c\" data-element_type=\"section\" data-settings=\"{&quot;background_background&quot;:&quot;classic&quot;}\">\n\t\t\t\t\t\t<div class=\"elementor-container elementor-column-gap-no\">\n\t\t\t\t\t<div class=\"elementor-column elementor-col-100 elementor-top-column elementor-element elementor-element-8f788b1\" data-id=\"8f788b1\" data-element_type=\"column\">\n\t\t\t<div class=\"elementor-widget-wrap elementor-element-populated\">\n\t\t\t\t\t\t<div class=\"elementor-element elementor-element-4d99ff20 elementor-widget elementor-widget-heading\" data-id=\"4d99ff20\" data-element_type=\"widget\" data-widget_type=\"heading.default\">\n\t\t\t\t<div class=\"elementor-widget-container\">\n\t\t\t\t\t<h1 class=\"elementor-heading-title elementor-size-default\">Webinaires<\/h1>\t\t\t\t<\/div>\n\t\t\t\t<\/div>\n\t\t\t\t\t<\/div>\n\t\t<\/div>\n\t\t\t\t\t<\/div>\n\t\t<\/section>\n\t\t\t\t<section class=\"elementor-section elementor-top-section elementor-element elementor-element-bb750b9 elementor-section-boxed elementor-section-height-default elementor-section-height-default\" data-id=\"bb750b9\" data-element_type=\"section\">\n\t\t\t\t\t\t<div class=\"elementor-container elementor-column-gap-default\">\n\t\t\t\t\t<div class=\"elementor-column elementor-col-100 elementor-top-column elementor-element elementor-element-5b371f8\" data-id=\"5b371f8\" data-element_type=\"column\">\n\t\t\t<div class=\"elementor-widget-wrap elementor-element-populated\">\n\t\t\t\t\t\t<div class=\"elementor-element elementor-element-6d1aa3d elementor-widget elementor-widget-text-editor\" data-id=\"6d1aa3d\" data-element_type=\"widget\" data-widget_type=\"text-editor.default\">\n\t\t\t\t<div class=\"elementor-widget-container\">\n\t\t\t\t\t\t\t\t\t<p>Bienvenue sur notre plateforme de webinaires ! D\u00e9couvrez une mine de connaissances gr\u00e2ce \u00e0 nos webinaires organis\u00e9s par des experts, con\u00e7us pour vous permettre de rester \u00e0 la pointe des tendances et des strat\u00e9gies en mati\u00e8re de marketing num\u00e9rique. Que vous souhaitiez assister aux prochaines sessions ou revoir vos anciennes pr\u00e9f\u00e9r\u00e9es, notre collection compl\u00e8te offre des informations inestimables et des conseils pratiques pour am\u00e9liorer votre jeu marketing. Restez inform\u00e9, inspirez-vous et gardez une longueur d&rsquo;avance gr\u00e2ce \u00e0 notre gamme dynamique de webinaires sur le marketing num\u00e9rique.<\/p>\n\t\t\t\t\t\t\t\t<\/div>\n\t\t\t\t<\/div>\n\t\t\t\t<div class=\"elementor-element elementor-element-405731a elementor-widget elementor-widget-spacer\" data-id=\"405731a\" data-element_type=\"widget\" data-widget_type=\"spacer.default\">\n\t\t\t\t<div class=\"elementor-widget-container\">\n\t\t\t\t\t\t\t<div class=\"elementor-spacer\">\n\t\t\t<div class=\"elementor-spacer-inner\"><\/div>\n\t\t<\/div>\n\t\t\t\t\t\t<\/div>\n\t\t\t\t<\/div>\n\t\t\t\t<div class=\"elementor-element elementor-element-43ee3a1 elementor-widget elementor-widget-heading\" data-id=\"43ee3a1\" data-element_type=\"widget\" data-widget_type=\"heading.default\">\n\t\t\t\t<div class=\"elementor-widget-container\">\n\t\t\t\t\t<h4 class=\"elementor-heading-title elementor-size-default\">Liste de tous les webinaires (enregistr\u00e9s et \u00e0 venir)<\/h4>\t\t\t\t<\/div>\n\t\t\t\t<\/div>\n\t\t\t\t<div class=\"elementor-element elementor-element-8867bae elementor-widget elementor-widget-sidebar\" data-id=\"8867bae\" data-element_type=\"widget\" data-widget_type=\"sidebar.default\">\n\t\t\t\t<div class=\"elementor-widget-container\">\n\t\t\t\t\t        <form method=\"post\">\r\n            <div class=\"widget\">\r\n                                <h2 class=\"widget-title\"> <\/h2>\r\n                \r\n                                \r\n                                \r\n                                \r\n                                \r\n                                \r\n                                \r\n                                \r\n                                \r\n                                <p>(En Redifussion) Amazon pour les marchands: pi\u00e8ges et angles morts   <a target='_blank' href='https:\/\/www.turko.ca\/fr\/webinars\/amazon-pour-les-marchands-pieges'>Join Right Now!<\/a><\/p><p>(En Redifussion) Backlinks: Boostez votre SEO sans franchir la ligne rouge   <a target='_blank' href='https:\/\/www.turko.ca\/fr\/webinars\/backlinks-boostez-seo'>Join Right Now!<\/a><\/p><p>(En Redifussion) Black Friday Digital Blackout: Mesurer dans un univers sans cookies   <a target='_blank' href='https:\/\/www.turko.ca\/fr\/webinars\/webinaire-black-friday-digital-blackout'>Join Right Now!<\/a><\/p><p>(En Redifussion) Budget M\u00e9dia 2024 : Votre ann\u00e9e est-elle bien planifi\u00e9e ?   <a target='_blank' href='https:\/\/www.turko.ca\/fr\/webinars\/strategie-media-2024'>Join Right Now!<\/a><\/p><p>(En Redifussion) Comment booster les avis sur Amazon : Maximisez la visibilit\u00e9 de votre produit   <a target='_blank' href='https:\/\/www.turko.ca\/fr\/webinars\/amazon-avis'>Join Right Now!<\/a><\/p><p>(En Redifussion) IA Overview et Google Leak : Entre R\u00e9volution et R\u00e9alit\u00e9   <a target='_blank' href='https:\/\/www.turko.ca\/fr\/webinars\/seo-google-leak'>Join Right Now!<\/a><\/p><p>(En Redifussion) Les \u201cPlacement Ads\u201d sur Youtube: faible co\u00fbt et efficaces   <a target='_blank' href='https:\/\/www.turko.ca\/fr\/webinars\/youtube-ads-couts-efficaces'>Join Right Now!<\/a><\/p><p>(En Redifussion) OBNL: Comment obtenir $10,000 USD\/mois en publicit\u00e9 subventionn\u00e9e   <a target='_blank' href='https:\/\/www.turko.ca\/fr\/webinars\/obnl-google-grants'>Join Right Now!<\/a><\/p><p>(En Redifussion) SEO : Pourquoi je ne suis pas sur Google?   <a target='_blank' href='https:\/\/www.turko.ca\/fr\/webinars\/classement-google'>Join Right Now!<\/a><\/p>            <\/div>\r\n        <\/form>\r\n        \t\t\t\t<\/div>\n\t\t\t\t<\/div>\n\t\t\t\t<div class=\"elementor-element elementor-element-899fb12 elementor-widget elementor-widget-spacer\" data-id=\"899fb12\" data-element_type=\"widget\" data-widget_type=\"spacer.default\">\n\t\t\t\t<div class=\"elementor-widget-container\">\n\t\t\t\t\t\t\t<div class=\"elementor-spacer\">\n\t\t\t<div class=\"elementor-spacer-inner\"><\/div>\n\t\t<\/div>\n\t\t\t\t\t\t<\/div>\n\t\t\t\t<\/div>\n\t\t\t\t\t<\/div>\n\t\t<\/div>\n\t\t\t\t\t<\/div>\n\t\t<\/section>\n\t\t\t\t<\/div>\n\t\t","protected":false},"excerpt":{"rendered":"<p>Webinaires Bienvenue sur notre plateforme de webinaires ! D\u00e9couvrez une mine de connaissances gr\u00e2ce \u00e0 nos webinaires organis\u00e9s par des experts, con\u00e7us pour vous permettre de rester \u00e0 la pointe des tendances et des strat\u00e9gies en mati\u00e8re de marketing num\u00e9rique. Que vous souhaitiez assister aux prochaines sessions ou revoir vos anciennes pr\u00e9f\u00e9r\u00e9es, notre collection compl\u00e8te [&hellip;]<\/p>\n","protected":false},"author":9,"featured_media":7665,"parent":0,"menu_order":0,"comment_status":"closed","ping_status":"closed","template":"","meta":{"_acf_changed":false,"content-type":"","site-sidebar-layout":"no-sidebar","site-content-layout":"page-builder","ast-site-content-layout":"full-width-container","site-content-style":"unboxed","site-sidebar-style":"unboxed","ast-global-header-display":"","ast-banner-title-visibility":"","ast-main-header-display":"","ast-hfb-above-header-display":"","ast-hfb-below-header-display":"","ast-hfb-mobile-header-display":"","site-post-title":"disabled","ast-breadcrumbs-content":"","ast-featured-img":"disabled","footer-sml-layout":"","theme-transparent-header-meta":"","adv-header-id-meta":"","stick-header-meta":"","header-above-stick-meta":"","header-main-stick-meta":"","header-below-stick-meta":"","astra-migrate-meta-layouts":"default","ast-page-background-enabled":"default","ast-page-background-meta":{"desktop":{"background-color":"","background-image":"","background-repeat":"repeat","background-position":"center center","background-size":"auto","background-attachment":"scroll","background-type":"","background-media":"","overlay-type":"","overlay-color":"","overlay-opacity":"","overlay-gradient":""},"tablet":{"background-color":"","background-image":"","background-repeat":"repeat","background-position":"center center","background-size":"auto","background-attachment":"scroll","background-type":"","background-media":"","overlay-type":"","overlay-color":"","overlay-opacity":"","overlay-gradient":""},"mobile":{"background-color":"","background-image":"","background-repeat":"repeat","background-position":"center center","background-size":"auto","background-attachment":"scroll","background-type":"","background-media":"","overlay-type":"","overlay-color":"","overlay-opacity":"","overlay-gradient":""}},"ast-content-background-meta":{"desktop":{"background-color":"var(--ast-global-color-5)","background-image":"","background-repeat":"repeat","background-position":"center center","background-size":"auto","background-attachment":"scroll","background-type":"","background-media":"","overlay-type":"","overlay-color":"","overlay-opacity":"","overlay-gradient":""},"tablet":{"background-color":"var(--ast-global-color-5)","background-image":"","background-repeat":"repeat","background-position":"center center","background-size":"auto","background-attachment":"scroll","background-type":"","background-media":"","overlay-type":"","overlay-color":"","overlay-opacity":"","overlay-gradient":""},"mobile":{"background-color":"var(--ast-global-color-5)","background-image":"","background-repeat":"repeat","background-position":"center center","background-size":"auto","background-attachment":"scroll","background-type":"","background-media":"","overlay-type":"","overlay-color":"","overlay-opacity":"","overlay-gradient":""}},"yasr_overall_rating":0,"yasr_post_is_review":"","yasr_auto_insert_disabled":"","yasr_review_type":"","footnotes":""},"class_list":["post-27885","page","type-page","status-publish","has-post-thumbnail","hentry"],"acf":[],"yasr_visitor_votes":{"stars_attributes":{"read_only":false,"span_bottom":false},"number_of_votes":0,"sum_votes":0},"_links":{"self":[{"href":"https:\/\/www.turko.ca\/fr\/wp-json\/wp\/v2\/pages\/27885","targetHints":{"allow":["GET"]}}],"collection":[{"href":"https:\/\/www.turko.ca\/fr\/wp-json\/wp\/v2\/pages"}],"about":[{"href":"https:\/\/www.turko.ca\/fr\/wp-json\/wp\/v2\/types\/page"}],"author":[{"embeddable":true,"href":"https:\/\/www.turko.ca\/fr\/wp-json\/wp\/v2\/users\/9"}],"replies":[{"embeddable":true,"href":"https:\/\/www.turko.ca\/fr\/wp-json\/wp\/v2\/comments?post=27885"}],"version-history":[{"count":1,"href":"https:\/\/www.turko.ca\/fr\/wp-json\/wp\/v2\/pages\/27885\/revisions"}],"predecessor-version":[{"id":27886,"href":"https:\/\/www.turko.ca\/fr\/wp-json\/wp\/v2\/pages\/27885\/revisions\/27886"}],"wp:featuredmedia":[{"embeddable":true,"href":"https:\/\/www.turko.ca\/fr\/wp-json\/wp\/v2\/media\/7665"}],"wp:attachment":[{"href":"https:\/\/www.turko.ca\/fr\/wp-json\/wp\/v2\/media?parent=27885"}],"curies":[{"name":"wp","href":"https:\/\/api.w.org\/{rel}","templated":true}]}}